{"id":116,"date":"2024-07-14T17:49:18","date_gmt":"2024-07-14T14:19:18","guid":{"rendered":"https:\/\/frz.world\/clf\/professeurs-de-langue-francaise\/"},"modified":"2026-02-23T08:38:45","modified_gmt":"2026-02-23T05:08:45","slug":"formations","status":"publish","type":"page","link":"https:\/\/www.clf-teh.org\/fr\/formations\/","title":{"rendered":"Formations"},"content":{"rendered":"\n<h1 class=\"wp-block-heading has-text-align-center\" id=\"0-formations-p%C3%A9dagogiques-pour-professeurs-de-fle\">Formations p\u00e9dagogiques pour professeurs de FLE<\/h1>\n\n\n\n<div class=\"wp-block-columns is-layout-flex wp-container-core-columns-is-layout-9d6595d7 wp-block-columns-is-layout-flex\">\n<div class=\"wp-block-column is-layout-flow wp-block-column-is-layout-flow\" style=\"flex-basis:66.66%\">\n<p>D\u00e9couvrez notre centre de formation pour professeurs de fran\u00e7ais langue \u00e9trang\u00e8re (FLE), accr\u00e9dit\u00e9 par l\u2019<strong>Ambassade de France en Iran<\/strong>. En tant que <strong>le seul centre expert<\/strong> dans ce domaine en Iran, nous sommes fiers d\u2019offrir des formations de qualit\u00e9, con\u00e7ues et anim\u00e9es par des formateurs exp\u00e9riment\u00e9s et r\u00e9guli\u00e8rement form\u00e9s en France. Nos formations vous aideront \u00e0 <strong>maitriser les techniques<\/strong>, l<strong>es approches p\u00e9dagogiques<\/strong> et <strong>les gestes professionnels d\u00e9di\u00e9s \u00e0 l\u2019enseignement du fran\u00e7ais<\/strong> aux <strong>adultes<\/strong> et <strong>jeunes publics<\/strong>. Vous pourrez tout \u00e0 la fois d\u00e9velopper les comp\u00e9tences n\u00e9cessaires pour exceller en tant que professeur de fran\u00e7ais ou <strong>renforcer vos comp\u00e9tences linguistiques<\/strong>.<\/p>\n<\/div>\n\n\n\n<div class=\"wp-block-column is-vertically-aligned-center is-layout-flow wp-block-column-is-layout-flow\" style=\"flex-basis:33.33%\">\n<ul class=\"wp-block-list shamse\">\n<li><a href=\"https:\/\/www.clf-teh.org\/fr\/formations\/#calendrier\">Calendriers, tarifs et inscriptions<\/a><\/li>\n\n\n\n<li><a href=\"https:\/\/www.clf-teh.org\/fr\/regulation\/#Formations-termes\">Conditions g\u00e9n\u00e9rales<\/a><\/li>\n\n\n\n<li><a href=\"https:\/\/www.clf-teh.org\/fr\/qfp\/#Formations-faq\">Questions fr\u00e9quentes<\/a><\/li>\n<\/ul>\n<\/div>\n<\/div>\n\n\n\n<p>Que vous soyez nouveau dans le m\u00e9tier d\u2019enseignant ou d\u00e9j\u00e0 exp\u00e9riment\u00e9, notre centre vous offre des <strong>formations adapt\u00e9es \u00e0 votre profil<\/strong> !<\/p>\n\n\n\n<p>Nous vous proposons trois blocs de formation : <strong>l&rsquo;enseignement aux adultes<\/strong>,<strong> l&rsquo;enseignement aux enfants<\/strong> et <strong>le perfectionnement linguistique<\/strong>.<\/p>\n\n\n\n<p>Pour toutes nos formations, une <strong>ma\u00eetrise de la langue fran\u00e7aise<\/strong> correspondant au minimum au <strong>niveau B2<\/strong> du <strong>Cadre europ\u00e9en commun de r\u00e9f\u00e9rence pour les langues<\/strong> (<strong>CECRL<\/strong>) est requise.<\/p>\n\n\n<div class=\"wp-block-ub-divider ub_divider ub-divider-orientation-horizontal\" id=\"ub_divider_3dabc886-2880-47cd-8897-a4f7b1d0d90e\"><div class=\"ub_divider_wrapper\" style=\"position: relative; margin-bottom: 2px; width: 100%; height: 2px; \" data-divider-alignment=\"center\"><div class=\"ub_divider_line\" style=\"border-top: 2px solid #ffffff; margin-top: 2px; \"><\/div><\/div><\/div>\n\n\n<h3 class=\"wp-block-heading\" id=\"1-nos-blocs-de-formation\">Nos blocs de formation<\/h3>\n\n\n<div class=\"wp-block-ub-content-toggle wp-block-ub-content-toggle-block\" id=\"ub-content-toggle-block-29e15bcf-8ce5-4dee-9fa4-b1dc6d669bb9\" data-mobilecollapse=\"false\" data-desktopcollapse=\"false\" data-preventcollapse=\"false\" data-showonlyone=\"false\">\n<div class=\"wp-block-ub-content-toggle-accordion\" style=\"border-color: #f1f1f1; \" id=\"ub-content-toggle-panel-block-7e0a8530-e5a6-45a2-bfb2-e3b79b119c52\">\n\t\t\t<div class=\"wp-block-ub-content-toggle-accordion-title-wrap\" style=\"background-color: #f1f1f1;\" aria-controls=\"ub-content-toggle-panel-0-29e15bcf-8ce5-4dee-9fa4-b1dc6d669bb9\" tabindex=\"0\">\n\t\t\t<p class=\"wp-block-ub-content-toggle-accordion-title ub-content-toggle-title-29e15bcf-8ce5-4dee-9fa4-b1dc6d669bb9\" style=\"color: #000000; \">Enseignement aux adultes<\/p>\n\t\t\t<div class=\"wp-block-ub-content-toggle-accordion-toggle-wrap right\" style=\"color: #000000;\"><span class=\"wp-block-ub-content-toggle-accordion-state-indicator wp-block-ub-math-plus open\"><\/span><\/div>\n\t\t<\/div>\n\t\t\t<div role=\"region\" aria-expanded=\"true\" class=\"wp-block-ub-content-toggle-accordion-content-wrap\" id=\"ub-content-toggle-panel-0-29e15bcf-8ce5-4dee-9fa4-b1dc6d669bb9\">\n\n<h4 class=\"wp-block-heading\" id=\"2-module-pour-enseignants-d%C3%A9butants\">Module pour enseignants d\u00e9butants<\/h4>\n\n\n\n<ul class=\"wp-block-list\">\n<li>Principes p\u00e9dagogiques et niveaux de comp\u00e9tence du CECRL<\/li>\n\n\n\n<li>Adopter une m\u00e9thodologie pour l\u2019enseignement du FLE<\/li>\n\n\n\n<li>Construire une unit\u00e9 didactique en FLE<\/li>\n\n\n\n<li>Enseigner la grammaire et le lexique en classe de FLE<\/li>\n<\/ul>\n\n\n\n<h4 class=\"wp-block-heading\" id=\"3-modules-pour-enseignants-exp%C3%A9riment%C3%A9s\">Modules pour enseignants exp\u00e9riment\u00e9s<\/h4>\n\n\n\n<ul class=\"wp-block-list\">\n<li>Cr\u00e9er des s\u00e9quences p\u00e9dagogiques \u00e0 partir de documents authentiques<\/li>\n\n\n\n<li>Production \u00e9crite : animer et concevoir des activit\u00e9s d\u2019\u00e9criture cr\u00e9ative<\/li>\n\n\n\n<li>Jeux et activit\u00e9s interactives<\/li>\n\n\n\n<li>\u00c9valuation Formative : favoriser la motivation et la r\u00e9ussite<\/li>\n<\/ul>\n\n\n\n<p><\/p>\n\n<\/div>\n\t\t<\/div>\n\n<div class=\"wp-block-ub-content-toggle-accordion\" style=\"border-color: #f1f1f1; \" id=\"ub-content-toggle-panel-block-23d1da7f-d690-4fdb-9bb3-77761ec9f923\">\n\t\t\t<div class=\"wp-block-ub-content-toggle-accordion-title-wrap\" style=\"background-color: #f1f1f1;\" aria-controls=\"ub-content-toggle-panel-1-29e15bcf-8ce5-4dee-9fa4-b1dc6d669bb9\" tabindex=\"0\">\n\t\t\t<p class=\"wp-block-ub-content-toggle-accordion-title ub-content-toggle-title-29e15bcf-8ce5-4dee-9fa4-b1dc6d669bb9\" style=\"color: #000000; \">Enseignement aux enfants<\/p>\n\t\t\t<div class=\"wp-block-ub-content-toggle-accordion-toggle-wrap right\" style=\"color: #000000;\"><span class=\"wp-block-ub-content-toggle-accordion-state-indicator wp-block-ub-math-plus open\"><\/span><\/div>\n\t\t<\/div>\n\t\t\t<div role=\"region\" aria-expanded=\"true\" class=\"wp-block-ub-content-toggle-accordion-content-wrap\" id=\"ub-content-toggle-panel-1-29e15bcf-8ce5-4dee-9fa4-b1dc6d669bb9\">\n\n<p><\/p>\n\n\n\n<ul class=\"wp-block-list\">\n<li>Enseigner aux enfants et jeunes adolescents et exploiter la litt\u00e9rature de jeunesse<\/li>\n\n\n\n<li>Pr\u00e9parer les jeunes apprenants au DELF Prim A1 et A2<\/li>\n\n\n\n<li>Conna\u00eetre, cr\u00e9er et utiliser le Kamishiba\u00ef plurilingue<\/li>\n\n\n\n<li>Adapter un conte traditionnel pour la classe<\/li>\n<\/ul>\n\n\n\n<p><\/p>\n\n<\/div>\n\t\t<\/div>\n\n<div class=\"wp-block-ub-content-toggle-accordion\" style=\"border-color: #f1f1f1; \" id=\"ub-content-toggle-panel-block-393e3ea9-f89d-4f5c-8934-3c987b5f5915\">\n\t\t\t<div class=\"wp-block-ub-content-toggle-accordion-title-wrap\" style=\"background-color: #f1f1f1;\" aria-controls=\"ub-content-toggle-panel-2-29e15bcf-8ce5-4dee-9fa4-b1dc6d669bb9\" tabindex=\"0\">\n\t\t\t<p class=\"wp-block-ub-content-toggle-accordion-title ub-content-toggle-title-29e15bcf-8ce5-4dee-9fa4-b1dc6d669bb9\" style=\"color: #000000; \">Perfectionnement linguistique<\/p>\n\t\t\t<div class=\"wp-block-ub-content-toggle-accordion-toggle-wrap right\" style=\"color: #000000;\"><span class=\"wp-block-ub-content-toggle-accordion-state-indicator wp-block-ub-math-plus open\"><\/span><\/div>\n\t\t<\/div>\n\t\t\t<div role=\"region\" aria-expanded=\"true\" class=\"wp-block-ub-content-toggle-accordion-content-wrap\" id=\"ub-content-toggle-panel-2-29e15bcf-8ce5-4dee-9fa4-b1dc6d669bb9\">\n\n<p>Destin\u00e9es aux professeurs qui souhaitent conna\u00eetre les outils, les ressources et les techniques pour perfectionner leurs connaissances linguistiques.<\/p>\n\n\n\n<p><\/p>\n\n<\/div>\n\t\t<\/div>\n<\/div>\n\n\n<p id=\"CalendrierFormation\">Pour conna\u00eetre toutes nos formations, vous pouvez t\u00e9l\u00e9charger <a href=\"https:\/\/www.clf-teh.org\/wp-content\/uploads\/2024\/09\/Centre-de-Langue-Francaise-de-Teheran-Formations.pdf\" target=\"_blank\" rel=\"noreferrer noopener\">notre brochure<\/a>.<\/p>\n\n\n\n<hr class=\"wp-block-separator has-alpha-channel-opacity\" id=\"calendrier\"\/>\n\n\n<div class=\"wp-block-ub-divider ub_divider ub-divider-orientation-horizontal\" id=\"ub_divider_fdca2d56-2bef-42e5-be97-13ff2f1b1f86\"><div class=\"ub_divider_wrapper\" style=\"position: relative; margin-bottom: 2px; width: 100%; height: 2px; \" data-divider-alignment=\"center\"><div class=\"ub_divider_line\" style=\"border-top: 2px solid #ffffff; margin-top: 2px; \"><\/div><\/div><\/div>\n\n\n<h3 class=\"wp-block-heading has-text-align-center\" id=\"5-calendrier-des-formation-et-inscriptions-de-ao%C3%BBt-%C3%A0-d%C3%A9cembre-2024\">Calendrier des formations, tarifs et inscriptions<br>2026<\/h3>\n\n\n<div class=\"wp-block-ub-content-toggle wp-block-ub-content-toggle-block\" id=\"ub-content-toggle-block-ddecd567-4f38-4de6-b1db-00d4ec274095\" data-mobilecollapse=\"false\" data-desktopcollapse=\"false\" data-preventcollapse=\"false\" data-showonlyone=\"false\">\n\n\n\n\n<div class=\"wp-block-ub-content-toggle-accordion\" style=\"border-color: #f1f1f1; \" id=\"ub-content-toggle-panel-block-cde923f0-1ade-436c-8029-fa91abb1f6a0\">\n\t\t\t<div class=\"wp-block-ub-content-toggle-accordion-title-wrap\" style=\"background-color: #f1f1f1;\" aria-controls=\"ub-content-toggle-panel-2-ddecd567-4f38-4de6-b1db-00d4ec274095\" tabindex=\"0\">\n\t\t\t<p class=\"wp-block-ub-content-toggle-accordion-title ub-content-toggle-title-ddecd567-4f38-4de6-b1db-00d4ec274095\" style=\"color: #000000; \"><strong><strong><strong><strong><strong>Formation p\u00e9dagogique initiale &#8211; 36 heures<\/strong><\/strong><\/strong><\/strong><\/strong><br><strong><strong>du 6 au 11 avril<\/strong><\/strong><br><\/p>\n\t\t\t<div class=\"wp-block-ub-content-toggle-accordion-toggle-wrap right\" style=\"color: #000000;\"><span class=\"wp-block-ub-content-toggle-accordion-state-indicator wp-block-ub-math-plus open\"><\/span><\/div>\n\t\t<\/div>\n\t\t\t<div role=\"region\" aria-expanded=\"true\" class=\"wp-block-ub-content-toggle-accordion-content-wrap\" id=\"ub-content-toggle-panel-2-ddecd567-4f38-4de6-b1db-00d4ec274095\">\n\n<p><strong>Pr\u00e9-requis:<\/strong><br>+ Ma\u00eetrise de la langue fran\u00e7aise au minimum au niveau B2<\/p>\n\n\n\n<p><strong>Modules<\/strong>:<\/p>\n\n\n\n<p>-Principes et concepts cl\u00e9s de l&rsquo;enseignement du FLE<br>-Construire une unit\u00e9 didactique en FLE<br>-Organiser un cours de FLE \u00e0 partir d&rsquo;un manuel<br>-Techniques d&rsquo;animation en classe de FLE<br>-Traitement de l\u2019erreur en classe de FLE<br>-D\u00e9monstration<\/p>\n\n\n\n<figure class=\"wp-block-table is-style-stripes\"><table class=\"has-fixed-layout\"><thead><tr><th class=\"has-text-align-center\" data-align=\"center\"><strong>Volume horaire <\/strong><\/th><th class=\"has-text-align-center\" data-align=\"center\"><strong>Horaires<\/strong><\/th><th class=\"has-text-align-center\" data-align=\"center\"><strong>Format<\/strong><\/th><th class=\"has-text-align-center\" data-align=\"center\"><strong>Tarif (Rls)<\/strong><\/th><th class=\"has-text-align-center\" data-align=\"center\"><strong>Formulaire d&rsquo;inscriptio<\/strong>n<\/th><\/tr><\/thead><tbody><tr><td class=\"has-text-align-center\" data-align=\"center\">36 heures<\/td><td class=\"has-text-align-center\" data-align=\"center\">de 10h \u00e0 17h<\/td><td class=\"has-text-align-center\" data-align=\"center\">en pr\u00e9sentiel<\/td><td class=\"has-text-align-center\" data-align=\"center\">120.000.000<\/td><td class=\"has-text-align-center\" data-align=\"center\"><strong><a href=\"https:\/\/webquest.fr\/?m=237902_formation-pedagogique-initiale-36-heures-du-6-au-11-avril-6-jours-et-en-presentiel\" target=\"_blank\" rel=\"noreferrer noopener\">Inscription<\/a><\/strong><\/td><\/tr><\/tbody><\/table><\/figure>\n\n<\/div>\n\t\t<\/div>\n\n<div class=\"wp-block-ub-content-toggle-accordion\" style=\"border-color: #f1f1f1; \" id=\"ub-content-toggle-panel-block-cde923f0-1ade-436c-8029-fa91abb1f6a0\">\n\t\t\t<div class=\"wp-block-ub-content-toggle-accordion-title-wrap\" style=\"background-color: #f1f1f1;\" aria-controls=\"ub-content-toggle-panel-3-ddecd567-4f38-4de6-b1db-00d4ec274095\" tabindex=\"0\">\n\t\t\t<p class=\"wp-block-ub-content-toggle-accordion-title ub-content-toggle-title-ddecd567-4f38-4de6-b1db-00d4ec274095\" style=\"color: #000000; \"><strong><strong><strong><strong><strong>Enseigner aux enfants et jeunes adolescents et exploiter la litt\u00e9rature jeunesse<\/strong><\/strong><\/strong><\/strong><\/strong><br><strong><strong>21 et 22 mai<\/strong><\/strong><br><\/p>\n\t\t\t<div class=\"wp-block-ub-content-toggle-accordion-toggle-wrap right\" style=\"color: #000000;\"><span class=\"wp-block-ub-content-toggle-accordion-state-indicator wp-block-ub-math-plus open\"><\/span><\/div>\n\t\t<\/div>\n\t\t\t<div role=\"region\" aria-expanded=\"true\" class=\"wp-block-ub-content-toggle-accordion-content-wrap\" id=\"ub-content-toggle-panel-3-ddecd567-4f38-4de6-b1db-00d4ec274095\">\n\n<p><strong>Pr\u00e9-requis:<\/strong><br>+ Ma\u00eetrise de la langue fran\u00e7aise au minimum au niveau B2<\/p>\n\n\n\n<figure class=\"wp-block-table is-style-stripes\"><table class=\"has-fixed-layout\"><thead><tr><th class=\"has-text-align-center\" data-align=\"center\"><strong>Volume horaire <\/strong><\/th><th class=\"has-text-align-center\" data-align=\"center\"><strong>Horaires<\/strong><\/th><th class=\"has-text-align-center\" data-align=\"center\"><strong>Format<\/strong><\/th><th class=\"has-text-align-center\" data-align=\"center\"><strong>Tarif (Rls)<\/strong><\/th><th class=\"has-text-align-center\" data-align=\"center\"><strong>Formulaire d&rsquo;inscriptio<\/strong>n<\/th><\/tr><\/thead><tbody><tr><td class=\"has-text-align-center\" data-align=\"center\">12 heures<\/td><td class=\"has-text-align-center\" data-align=\"center\">de 10h \u00e0 17h<\/td><td class=\"has-text-align-center\" data-align=\"center\">en pr\u00e9sentiel<\/td><td class=\"has-text-align-center\" data-align=\"center\">58.000.000<\/td><td class=\"has-text-align-center\" data-align=\"center\"><strong><a href=\"https:\/\/webquest.fr\/?m=227175_parcours-d-enseignement-aux-enfants---enseigner-aux-enfants-et-jeunes-adolescents-et-exploiter-la-litterature-jeunesse--les-21-et-22-mai-2026-de-10h-a-17h\" target=\"_blank\" rel=\"noreferrer noopener\">Inscription<\/a><\/strong><\/td><\/tr><\/tbody><\/table><\/figure>\n\n<\/div>\n\t\t<\/div>\n<\/div>","protected":false},"excerpt":{"rendered":"<p>Que vous soyez un enseignant d\u00e9butant ou confirm\u00e9, n\u2019h\u00e9sitez pas \u00e0 vous perfectionner en suivant nos formations.<\/p>\n","protected":false},"author":1,"featured_media":2707,"parent":0,"menu_order":0,"comment_status":"closed","ping_status":"closed","template":"","meta":{"_acf_changed":false,"footnotes":""},"class_list":["post-116","page","type-page","status-publish","has-post-thumbnail","hentry"],"featured_image_src":"https:\/\/www.clf-teh.org\/wp-content\/uploads\/2024\/08\/01_1.45.1.jpg","acf":[],"yoast_head":"<!-- This site is optimized with the Yoast SEO Premium plugin v23.4 (Yoast SEO v26.9) - https:\/\/yoast.com\/product\/yoast-seo-premium-wordpress\/ -->\n<title>Formations - Centre de langue fran\u00e7aise de T\u00e9h\u00e9ran<\/title>\n<meta name=\"robots\" content=\"index, follow, max-snippet:-1, max-image-preview:large, max-video-preview:-1\" \/>\n<link rel=\"canonical\" href=\"https:\/\/www.clf-teh.org\/fr\/formations\/\" \/>\n<meta property=\"og:locale\" content=\"fr_FR\" \/>\n<meta property=\"og:type\" content=\"article\" \/>\n<meta property=\"og:title\" content=\"Formations\" \/>\n<meta property=\"og:description\" content=\"Que vous soyez un enseignant d\u00e9butant ou confirm\u00e9, n\u2019h\u00e9sitez pas \u00e0 vous perfectionner en suivant nos formations.\" \/>\n<meta property=\"og:url\" content=\"https:\/\/www.clf-teh.org\/fr\/formations\/\" \/>\n<meta property=\"og:site_name\" content=\"Centre de langue fran\u00e7aise de T\u00e9h\u00e9ran\" \/>\n<meta property=\"article:modified_time\" content=\"2026-02-23T05:08:45+00:00\" \/>\n<meta property=\"og:image\" content=\"https:\/\/www.clf-teh.org\/wp-content\/uploads\/2024\/08\/01_1.45.1.jpg\" \/>\n\t<meta property=\"og:image:width\" content=\"1024\" \/>\n\t<meta property=\"og:image:height\" content=\"679\" \/>\n\t<meta property=\"og:image:type\" content=\"image\/jpeg\" \/>\n<meta name=\"twitter:card\" content=\"summary_large_image\" \/>\n<meta name=\"twitter:label1\" content=\"Dur\u00e9e de lecture estim\u00e9e\" \/>\n\t<meta name=\"twitter:data1\" content=\"3 minutes\" \/>\n<script type=\"application\/ld+json\" class=\"yoast-schema-graph\">{\"@context\":\"https:\/\/schema.org\",\"@graph\":[{\"@type\":\"WebPage\",\"@id\":\"https:\/\/www.clf-teh.org\/fr\/formations\/\",\"url\":\"https:\/\/www.clf-teh.org\/fr\/formations\/\",\"name\":\"Formations - Centre de langue fran\u00e7aise de T\u00e9h\u00e9ran\",\"isPartOf\":{\"@id\":\"https:\/\/www.clf-teh.org\/fr\/#website\"},\"primaryImageOfPage\":{\"@id\":\"https:\/\/www.clf-teh.org\/fr\/formations\/#primaryimage\"},\"image\":{\"@id\":\"https:\/\/www.clf-teh.org\/fr\/formations\/#primaryimage\"},\"thumbnailUrl\":\"https:\/\/www.clf-teh.org\/wp-content\/uploads\/2024\/08\/01_1.45.1.jpg\",\"datePublished\":\"2024-07-14T14:19:18+00:00\",\"dateModified\":\"2026-02-23T05:08:45+00:00\",\"breadcrumb\":{\"@id\":\"https:\/\/www.clf-teh.org\/fr\/formations\/#breadcrumb\"},\"inLanguage\":\"fr-FR\",\"potentialAction\":[{\"@type\":\"ReadAction\",\"target\":[\"https:\/\/www.clf-teh.org\/fr\/formations\/\"]}]},{\"@type\":\"ImageObject\",\"inLanguage\":\"fr-FR\",\"@id\":\"https:\/\/www.clf-teh.org\/fr\/formations\/#primaryimage\",\"url\":\"https:\/\/www.clf-teh.org\/wp-content\/uploads\/2024\/08\/01_1.45.1.jpg\",\"contentUrl\":\"https:\/\/www.clf-teh.org\/wp-content\/uploads\/2024\/08\/01_1.45.1.jpg\",\"width\":1024,\"height\":679},{\"@type\":\"BreadcrumbList\",\"@id\":\"https:\/\/www.clf-teh.org\/fr\/formations\/#breadcrumb\",\"itemListElement\":[{\"@type\":\"ListItem\",\"position\":1,\"name\":\"\u062e\u0627\u0646\u0647\",\"item\":\"https:\/\/www.clf-teh.org\/fr\/\"},{\"@type\":\"ListItem\",\"position\":2,\"name\":\"Formations\"}]},{\"@type\":\"WebSite\",\"@id\":\"https:\/\/www.clf-teh.org\/fr\/#website\",\"url\":\"https:\/\/www.clf-teh.org\/fr\/\",\"name\":\"Centre de langue fran\u00e7aise de T\u00e9h\u00e9ran\",\"description\":\"\",\"potentialAction\":[{\"@type\":\"SearchAction\",\"target\":{\"@type\":\"EntryPoint\",\"urlTemplate\":\"https:\/\/www.clf-teh.org\/fr\/?s={search_term_string}\"},\"query-input\":{\"@type\":\"PropertyValueSpecification\",\"valueRequired\":true,\"valueName\":\"search_term_string\"}}],\"inLanguage\":\"fr-FR\"}]}<\/script>\n<!-- \/ Yoast SEO Premium plugin. -->","yoast_head_json":{"title":"Formations - Centre de langue fran\u00e7aise de T\u00e9h\u00e9ran","robots":{"index":"index","follow":"follow","max-snippet":"max-snippet:-1","max-image-preview":"max-image-preview:large","max-video-preview":"max-video-preview:-1"},"canonical":"https:\/\/www.clf-teh.org\/fr\/formations\/","og_locale":"fr_FR","og_type":"article","og_title":"Formations","og_description":"Que vous soyez un enseignant d\u00e9butant ou confirm\u00e9, n\u2019h\u00e9sitez pas \u00e0 vous perfectionner en suivant nos formations.","og_url":"https:\/\/www.clf-teh.org\/fr\/formations\/","og_site_name":"Centre de langue fran\u00e7aise de T\u00e9h\u00e9ran","article_modified_time":"2026-02-23T05:08:45+00:00","og_image":[{"width":1024,"height":679,"url":"https:\/\/www.clf-teh.org\/wp-content\/uploads\/2024\/08\/01_1.45.1.jpg","type":"image\/jpeg"}],"twitter_card":"summary_large_image","twitter_misc":{"Dur\u00e9e de lecture estim\u00e9e":"3 minutes"},"schema":{"@context":"https:\/\/schema.org","@graph":[{"@type":"WebPage","@id":"https:\/\/www.clf-teh.org\/fr\/formations\/","url":"https:\/\/www.clf-teh.org\/fr\/formations\/","name":"Formations - Centre de langue fran\u00e7aise de T\u00e9h\u00e9ran","isPartOf":{"@id":"https:\/\/www.clf-teh.org\/fr\/#website"},"primaryImageOfPage":{"@id":"https:\/\/www.clf-teh.org\/fr\/formations\/#primaryimage"},"image":{"@id":"https:\/\/www.clf-teh.org\/fr\/formations\/#primaryimage"},"thumbnailUrl":"https:\/\/www.clf-teh.org\/wp-content\/uploads\/2024\/08\/01_1.45.1.jpg","datePublished":"2024-07-14T14:19:18+00:00","dateModified":"2026-02-23T05:08:45+00:00","breadcrumb":{"@id":"https:\/\/www.clf-teh.org\/fr\/formations\/#breadcrumb"},"inLanguage":"fr-FR","potentialAction":[{"@type":"ReadAction","target":["https:\/\/www.clf-teh.org\/fr\/formations\/"]}]},{"@type":"ImageObject","inLanguage":"fr-FR","@id":"https:\/\/www.clf-teh.org\/fr\/formations\/#primaryimage","url":"https:\/\/www.clf-teh.org\/wp-content\/uploads\/2024\/08\/01_1.45.1.jpg","contentUrl":"https:\/\/www.clf-teh.org\/wp-content\/uploads\/2024\/08\/01_1.45.1.jpg","width":1024,"height":679},{"@type":"BreadcrumbList","@id":"https:\/\/www.clf-teh.org\/fr\/formations\/#breadcrumb","itemListElement":[{"@type":"ListItem","position":1,"name":"\u062e\u0627\u0646\u0647","item":"https:\/\/www.clf-teh.org\/fr\/"},{"@type":"ListItem","position":2,"name":"Formations"}]},{"@type":"WebSite","@id":"https:\/\/www.clf-teh.org\/fr\/#website","url":"https:\/\/www.clf-teh.org\/fr\/","name":"Centre de langue fran\u00e7aise de T\u00e9h\u00e9ran","description":"","potentialAction":[{"@type":"SearchAction","target":{"@type":"EntryPoint","urlTemplate":"https:\/\/www.clf-teh.org\/fr\/?s={search_term_string}"},"query-input":{"@type":"PropertyValueSpecification","valueRequired":true,"valueName":"search_term_string"}}],"inLanguage":"fr-FR"}]}},"_links":{"self":[{"href":"https:\/\/www.clf-teh.org\/fr\/wp-json\/wp\/v2\/pages\/116","targetHints":{"allow":["GET"]}}],"collection":[{"href":"https:\/\/www.clf-teh.org\/fr\/wp-json\/wp\/v2\/pages"}],"about":[{"href":"https:\/\/www.clf-teh.org\/fr\/wp-json\/wp\/v2\/types\/page"}],"author":[{"embeddable":true,"href":"https:\/\/www.clf-teh.org\/fr\/wp-json\/wp\/v2\/users\/1"}],"replies":[{"embeddable":true,"href":"https:\/\/www.clf-teh.org\/fr\/wp-json\/wp\/v2\/comments?post=116"}],"version-history":[{"count":196,"href":"https:\/\/www.clf-teh.org\/fr\/wp-json\/wp\/v2\/pages\/116\/revisions"}],"predecessor-version":[{"id":7192,"href":"https:\/\/www.clf-teh.org\/fr\/wp-json\/wp\/v2\/pages\/116\/revisions\/7192"}],"wp:featuredmedia":[{"embeddable":true,"href":"https:\/\/www.clf-teh.org\/fr\/wp-json\/wp\/v2\/media\/2707"}],"wp:attachment":[{"href":"https:\/\/www.clf-teh.org\/fr\/wp-json\/wp\/v2\/media?parent=116"}],"curies":[{"name":"wp","href":"https:\/\/api.w.org\/{rel}","templated":true}]}}